{"id":31,"date":"2016-09-09T15:52:01","date_gmt":"2016-09-09T15:52:01","guid":{"rendered":"http:\/\/premierssoinsqc.org\/accueil2\/?page_id=31"},"modified":"2016-09-09T15:52:01","modified_gmt":"2016-09-09T15:52:01","slug":"notre-entreprise","status":"publish","type":"page","link":"http:\/\/premierssoinsqc.org\/accueil2\/notre-entreprise\/","title":{"rendered":"Notre entreprise"},"content":{"rendered":"<p style=\"text-align: justify;\"><img loading=\"lazy\" decoding=\"async\" class=\"size-medium wp-image-32 aligncenter\" src=\"http:\/\/premierssoinsqc.org\/accueil2\/wp-content\/uploads\/2016\/09\/IMG_0611-300x225.jpg\" alt=\"img_0611\" width=\"300\" height=\"225\" srcset=\"http:\/\/premierssoinsqc.org\/accueil2\/wp-content\/uploads\/2016\/09\/IMG_0611-300x225.jpg 300w, http:\/\/premierssoinsqc.org\/accueil2\/wp-content\/uploads\/2016\/09\/IMG_0611-768x576.jpg 768w, http:\/\/premierssoinsqc.org\/accueil2\/wp-content\/uploads\/2016\/09\/IMG_0611.jpg 1024w\" sizes=\"auto, (max-width: 300px) 100vw, 300px\" \/><\/p>\n<p style=\"text-align: justify;\">Notre entreprise est principalement compos\u00e9e de b\u00e9n\u00e9voles ayant une bonne exp\u00e9rience de coop\u00e9ration et de travail d&rsquo;\u00e9quipe. Tous les membres travaillent en collaboration sur plusieurs \u00e9v\u00e9nements et diff\u00e9rents dossiers afin d&rsquo;offrir un service de qualit\u00e9. Notre entreprise est form\u00e9e de personnes d\u00e9voul\u00e9es, qui aimes aider les autres et qui ont un attrait pour le domaine de la sant\u00e9. Qu&rsquo;ils soient \u00e9tudiants, professionnels ou simplement int\u00e9ress\u00e9s par les soins m\u00e9dicaux, les membres de notre \u00e9quipe travaillent tous pour un seul et m\u00eame but : servir la population avec plaisir et lui apporter un sentiment de s\u00e9curit\u00e9 et de bien-\u00eatre.<\/p>\n<p style=\"text-align: justify;\">Notre entreprise est situ\u00e9e \u00e0 Laval et agit principalement dans la grande r\u00e9gion m\u00e9tropolitaine (Laval, Montr\u00e9al, Laurentides, Lanaudi\u00e8re et Mont\u00e9r\u00e9gie). Nous sommes aussi dispos\u00e9s \u00e0 nous d\u00e9placer plus loin, au besoin.<\/p>\n<p>Num\u00e9ro d&rsquo;entreprise du Qu\u00e9bec (NEQ) : <strong><span id=\"CPH_K1ZoneContenu1_Cadr_Section01_Section01_ctl04_aDivConsulNom\">1168165794<\/span><\/strong><\/p>\n","protected":false},"excerpt":{"rendered":"<p>Notre entreprise est principalement compos\u00e9e de b\u00e9n\u00e9voles ayant une bonne exp\u00e9rience de coop\u00e9ration et de travail d&rsquo;\u00e9quipe. Tous les membres travaillent en collaboration sur plusieurs \u00e9v\u00e9nements et diff\u00e9rents dossiers afin d&rsquo;offrir un service de qualit\u00e9. Notre entreprise est form\u00e9e de personnes d\u00e9voul\u00e9es, qui aimes aider les autres et qui ont un attrait pour le domaine [&hellip;]<\/p>\n","protected":false},"author":1,"featured_media":0,"parent":0,"menu_order":0,"comment_status":"closed","ping_status":"closed","template":"","meta":{"footnotes":""},"class_list":["post-31","page","type-page","status-publish","hentry"],"_links":{"self":[{"href":"http:\/\/premierssoinsqc.org\/accueil2\/wp-json\/wp\/v2\/pages\/31","targetHints":{"allow":["GET"]}}],"collection":[{"href":"http:\/\/premierssoinsqc.org\/accueil2\/wp-json\/wp\/v2\/pages"}],"about":[{"href":"http:\/\/premierssoinsqc.org\/accueil2\/wp-json\/wp\/v2\/types\/page"}],"author":[{"embeddable":true,"href":"http:\/\/premierssoinsqc.org\/accueil2\/wp-json\/wp\/v2\/users\/1"}],"replies":[{"embeddable":true,"href":"http:\/\/premierssoinsqc.org\/accueil2\/wp-json\/wp\/v2\/comments?post=31"}],"version-history":[{"count":1,"href":"http:\/\/premierssoinsqc.org\/accueil2\/wp-json\/wp\/v2\/pages\/31\/revisions"}],"predecessor-version":[{"id":33,"href":"http:\/\/premierssoinsqc.org\/accueil2\/wp-json\/wp\/v2\/pages\/31\/revisions\/33"}],"wp:attachment":[{"href":"http:\/\/premierssoinsqc.org\/accueil2\/wp-json\/wp\/v2\/media?parent=31"}],"curies":[{"name":"wp","href":"https:\/\/api.w.org\/{rel}","templated":true}]}}