{"id":72,"date":"2016-09-09T16:48:46","date_gmt":"2016-09-09T16:48:46","guid":{"rendered":"http:\/\/premierssoinsqc.org\/accueil2\/?page_id=72"},"modified":"2019-01-03T23:43:52","modified_gmt":"2019-01-04T03:43:52","slug":"reconnaissance","status":"publish","type":"page","link":"http:\/\/premierssoinsqc.org\/accueil2\/reconnaissance\/","title":{"rendered":"Reconnaissance"},"content":{"rendered":"<h1 style=\"text-align: center;\"><span style=\"text-decoration: underline;\"><strong>Reconnaissance<\/strong><\/span><\/h1>\n<p style=\"text-align: center;\"><span style=\"text-decoration: underline;\"><br \/>\n<\/span><em>\u00ab Si le b\u00e9n\u00e9volat n&rsquo;est pas pay\u00e9, ce n&rsquo;est pas parce qu&rsquo;il vaut rien&#8230;mais parce qu&rsquo;il n&rsquo;a pas de prix ! \u00bb (Sherry Anderson)<\/em><\/p>\n<h2 style=\"text-align: left;\"><em><br \/>\n<\/em>Ils ont effectu\u00e9s plus de 100 heures de b\u00e9n\u00e9volat terrain au sein de notre entreprise :<\/h2>\n<ul>\n<li>Philippe-Olivier Belcourt<\/li>\n<li>Maude Belcourt<\/li>\n<li>Justin Lefebvre<\/li>\n<li>Sylvie Aubin<\/li>\n<li>\u00c9lo\u00efse Belcourt<\/li>\n<li>Guillaume Benoit<\/li>\n<\/ul>\n<h2>Ils ont effectu\u00e9s plus de 50 heures de b\u00e9n\u00e9volat terrain au sein de notre entreprise :<\/h2>\n<ul>\n<li>Pierre Belcourt<\/li>\n<li>Clo\u00e9 Bou-Samra<\/li>\n<li>Nicolas C\u00f4t\u00e9<\/li>\n<li>Val\u00e9rie Huard-Boudreau<\/li>\n<\/ul>\n","protected":false},"excerpt":{"rendered":"<p>Reconnaissance \u00ab Si le b\u00e9n\u00e9volat n&rsquo;est pas pay\u00e9, ce n&rsquo;est pas parce qu&rsquo;il vaut rien&#8230;mais parce qu&rsquo;il n&rsquo;a pas de prix ! \u00bb (Sherry Anderson) Ils ont effectu\u00e9s plus de 100 heures de b\u00e9n\u00e9volat terrain au sein de notre entreprise : Philippe-Olivier Belcourt Maude Belcourt Justin Lefebvre Sylvie Aubin \u00c9lo\u00efse Belcourt Guillaume Benoit Ils ont [&hellip;]<\/p>\n","protected":false},"author":1,"featured_media":0,"parent":0,"menu_order":0,"comment_status":"closed","ping_status":"closed","template":"","meta":{"footnotes":""},"class_list":["post-72","page","type-page","status-publish","hentry"],"_links":{"self":[{"href":"http:\/\/premierssoinsqc.org\/accueil2\/wp-json\/wp\/v2\/pages\/72","targetHints":{"allow":["GET"]}}],"collection":[{"href":"http:\/\/premierssoinsqc.org\/accueil2\/wp-json\/wp\/v2\/pages"}],"about":[{"href":"http:\/\/premierssoinsqc.org\/accueil2\/wp-json\/wp\/v2\/types\/page"}],"author":[{"embeddable":true,"href":"http:\/\/premierssoinsqc.org\/accueil2\/wp-json\/wp\/v2\/users\/1"}],"replies":[{"embeddable":true,"href":"http:\/\/premierssoinsqc.org\/accueil2\/wp-json\/wp\/v2\/comments?post=72"}],"version-history":[{"count":3,"href":"http:\/\/premierssoinsqc.org\/accueil2\/wp-json\/wp\/v2\/pages\/72\/revisions"}],"predecessor-version":[{"id":205,"href":"http:\/\/premierssoinsqc.org\/accueil2\/wp-json\/wp\/v2\/pages\/72\/revisions\/205"}],"wp:attachment":[{"href":"http:\/\/premierssoinsqc.org\/accueil2\/wp-json\/wp\/v2\/media?parent=72"}],"curies":[{"name":"wp","href":"https:\/\/api.w.org\/{rel}","templated":true}]}}